{"id":737,"date":"2025-01-29T01:20:19","date_gmt":"2025-01-29T01:20:19","guid":{"rendered":"https:\/\/promocionalesdelvalle.com\/?post_type=product&#038;p=737"},"modified":"2025-01-29T02:04:04","modified_gmt":"2025-01-29T02:04:04","slug":"libretas-corporativas-personalizadas","status":"publish","type":"product","link":"https:\/\/promocionalesdelvalle.com\/en\/product\/libretas-corporativas-personalizadas\/","title":{"rendered":"LIBRETAS PUBLICITARIAS"},"content":{"rendered":"<article class=\"w-full scroll-mb-[var(--thread-trailing-height,150px)] text-token-text-primary focus-visible:outline-2 focus-visible:outline-offset-[-4px]\" dir=\"auto\" data-testid=\"conversation-turn-19\" data-scroll-anchor=\"false\">\n<div class=\"m-auto text-base py-[18px] px-3 md:px-4 w-full md:px-5 lg:px-4 xl:px-5\">\n<div class=\"mx-auto flex flex-1 gap-4 text-base md:gap-5 lg:gap-6 md:max-w-3xl lg:max-w-[40rem] xl:max-w-[48rem]\">\n<div class=\"group\/conversation-turn relative flex w-full min-w-0 flex-col agent-turn\">\n<div class=\"flex-col gap-1 md:gap-3\">\n<div class=\"flex max-w-full flex-col flex-grow\">\n<div class=\"min-h-8 text-message flex w-full flex-col items-end gap-2 whitespace-normal break-words text-start [.text-message+&amp;]:mt-5\" dir=\"auto\" data-message-author-role=\"assistant\" data-message-id=\"b57550dd-05a9-4be0-9a0a-4f111ff73489\" data-message-model-slug=\"gpt-4o-mini\">\n<div class=\"flex w-full flex-col gap-1 empty:hidden first:pt-[3px]\">\n<div class=\"markdown prose w-full break-words dark:prose-invert light\">\n<ul>\n<li><strong>Material:<\/strong><br \/>\nCart\u00f3n r\u00edgido de alta calidad (cart\u00f3n prensado, cart\u00f3n sulfato o cart\u00f3n kraft). Tambi\u00e9n puede incluir recubrimientos de materiales premium como:<\/p>\n<ul>\n<li>Imitaci\u00f3n de cuero (PU o vinilo).<\/li>\n<li>Papel couch\u00e9 para un acabado brillante y de alta calidad.<\/li>\n<li>Lona o materiales textiles para un toque moderno.<\/li>\n<\/ul>\n<\/li>\n<li><strong>Gramaje:<\/strong><br \/>\nEntre 250 g\/m\u00b2 y 350 g\/m\u00b2, dependiendo de la resistencia y la est\u00e9tica deseada.<\/li>\n<li><strong>Acabados:<\/strong>\n<ul>\n<li>Laminado mate, brillante o suave al tacto para mayor protecci\u00f3n y un acabado elegante.<\/li>\n<li>Relieve seco (embossing) o impresi\u00f3n en foil para logotipos y detalles gr\u00e1ficos personalizados.<\/li>\n<li>Barniz UV selectivo para resaltar elementos del dise\u00f1o o logotipos.<\/li>\n<li>L\u00e1mina en colores met\u00e1licos (oro, plata, cobre) para un efecto c\u00f3modo y exclusivo.<\/li>\n<li>Costura perimetral o encuadernaci\u00f3n con bordado en materiales textiles.<\/li>\n<\/ul>\n<\/li>\n<\/ul>\n<hr \/>\n<h4><strong>3. Interior de la libreta:<\/strong><\/h4>\n<ul>\n<li><strong>Papel:<\/strong><br \/>\nPapel bond blanco, ahuesado o reciclado, o bien papel offset extra blanco de alta calidad. Tambi\u00e9n se pueden usar papeles texturizados para un acabado m\u00e1s elegante.<\/li>\n<li><strong>Gramaje:<\/strong><br \/>\nEntre 80 g\/m\u00b2 y 120 g\/m\u00b2, dependiendo de si la libreta se usar\u00e1 para notas breves o escritura intensiva.<\/li>\n<li><strong>Impresi\u00f3n:<\/strong>\n<ul>\n<li>Opciones de dise\u00f1o interno como l\u00edneas, cuadriculado, punteado o en blanco, dependiendo de la funci\u00f3n y las necesidades del cliente.<\/li>\n<li>Impresi\u00f3n personalizada con logotipos, esl\u00f3ganes, citas o gr\u00e1ficos en las p\u00e1ginas interiores.<\/li>\n<li>La primera p\u00e1gina o la portada interna suele tener elementos gr\u00e1ficos adicionales para personalizar el dise\u00f1o.<\/li>\n<\/ul>\n<\/li>\n<\/ul>\n<\/div>\n<\/div>\n<\/div>\n<\/div>\n<div class=\"mb-2 flex gap-3 empty:hidden -ml-2\">\n<div class=\"items-center justify-start rounded-xl p-1 z-10 -mt-1 bg-token-main-surface-primary screen-arch:mt-1 md:absolute md:sr-only\"><\/div>\n<\/div>\n<\/div>\n<\/div>\n<\/div>\n<\/div>\n<\/article>\n<article class=\"w-full scroll-mb-[var(--thread-trailing-height,150px)] text-token-text-primary focus-visible:outline-2 focus-visible:outline-offset-[-4px]\" dir=\"auto\" data-testid=\"conversation-turn-21\" data-scroll-anchor=\"true\">\n<div class=\"m-auto text-base py-[18px] px-3 md:px-4 w-full md:px-5 lg:px-4 xl:px-5\">\n<div class=\"mx-auto flex flex-1 gap-4 text-base md:gap-5 lg:gap-6 md:max-w-3xl lg:max-w-[40rem] xl:max-w-[48rem]\">\n<div class=\"group\/conversation-turn relative flex w-full min-w-0 flex-col agent-turn\">\n<div class=\"flex-col gap-1 md:gap-3\">\n<div class=\"flex max-w-full flex-col flex-grow\">\n<div class=\"min-h-8 text-message flex w-full flex-col items-end gap-2 whitespace-normal break-words text-start [.text-message+&amp;]:mt-5\" dir=\"auto\" data-message-author-role=\"assistant\" data-message-id=\"d9991dca-0a07-4eb7-ad38-956cb5ed3973\" data-message-model-slug=\"gpt-4o-mini\">\n<div class=\"flex w-full flex-col gap-1 empty:hidden first:pt-[3px]\">\n<div class=\"markdown prose w-full break-words dark:prose-invert light\">\n<p>&nbsp;<\/p>\n<hr \/>\n<h4><strong>4. Tama\u00f1o:<\/strong><\/h4>\n<ul>\n<li><strong>A5:<\/strong>\n<ul>\n<li><strong>Dimensiones:<\/strong>14,8 cm x 21 cm<\/li>\n<li><strong>Descripci\u00f3n:<\/strong> Tama\u00f1o<\/li>\n<\/ul>\n<\/li>\n<li><strong>A4:<\/strong>\n<ul>\n<li><strong>Dimensiones:<\/strong>21 cm x 29,7<\/li>\n<li><strong>Descripci\u00f3n:<\/strong>Perfecto para una gorra grande<\/li>\n<\/ul>\n<\/li>\n<li><strong>Personalizados:<\/strong>\n<ul>\n<li><strong>Dimensiones:<\/strong> Se pueden ajustar\n<ul>\n<li><strong>Tama\u00f1o ejecutivo<\/strong> (16<\/li>\n<li><strong>Tama\u00f1o port\u00e1til<\/strong>(10cm x 15cm),<\/li>\n<\/ul>\n<\/li>\n<\/ul>\n<\/li>\n<\/ul>\n<\/div>\n<\/div>\n<\/div>\n<\/div>\n<\/div>\n<\/div>\n<\/div>\n<\/div>\n<\/article>\n","protected":false},"excerpt":{"rendered":"<p>LIBRETAS PUBLICITARIAS ANILLADAS O COCIDAS<\/p>","protected":false},"featured_media":559,"comment_status":"closed","ping_status":"closed","template":"","meta":[],"product_brand":[],"product_cat":[28],"product_tag":[27],"class_list":{"0":"post-737","1":"product","2":"type-product","3":"status-publish","4":"has-post-thumbnail","6":"product_cat-libretas-personalizadas","7":"product_tag-libretas-personalizadas","9":"first","10":"instock","11":"shipping-taxable","12":"product-type-simple"},"yoast_head":"<!-- This site is optimized with the Yoast SEO Premium plugin v26.1 (Yoast SEO v27.3) - https:\/\/yoast.com\/product\/yoast-seo-premium-wordpress\/ -->\n<title>LIBRETAS PUBLICITARIAS - promocionalesdelvalle<\/title>\n<meta name=\"description\" content=\"LIBRETAS CORPORATIVAS PERSONNALIZADAS EN CALI, LIBRETAS PARA PERSONALIZAR, LIBRETAS EJECUTIVAS PARA OFICINA, LIBRETAS ECONOMICAS PARA PERSONALIZAR, CALI\" \/>\n<meta name=\"robots\" content=\"index, follow, max-snippet:-1, max-image-preview:large, max-video-preview:-1\" \/>\n<link rel=\"canonical\" href=\"https:\/\/promocionalesdelvalle.com\/en\/product\/libretas-corporativas-personalizadas\/\" \/>\n<meta property=\"og:locale\" content=\"en_US\" \/>\n<meta property=\"og:type\" content=\"article\" \/>\n<meta property=\"og:title\" content=\"LIBRETAS PUBLICITARIAS\" \/>\n<meta property=\"og:description\" content=\"LIBRETAS CORPORATIVAS PERSONNALIZADAS EN CALI, LIBRETAS PARA PERSONALIZAR, LIBRETAS EJECUTIVAS PARA OFICINA, LIBRETAS ECONOMICAS PARA PERSONALIZAR, CALI\" \/>\n<meta property=\"og:url\" content=\"https:\/\/promocionalesdelvalle.com\/en\/product\/libretas-corporativas-personalizadas\/\" \/>\n<meta property=\"og:site_name\" content=\"promocionalesdelvalle\" \/>\n<meta property=\"article:modified_time\" content=\"2025-01-29T02:04:04+00:00\" \/>\n<meta property=\"og:image\" content=\"https:\/\/promocionalesdelvalle.com\/wp-content\/uploads\/2024\/12\/CUADERNOS-IMPRESOS-CALI-OFFSET.jpg\" \/>\n\t<meta property=\"og:image:width\" content=\"679\" \/>\n\t<meta property=\"og:image:height\" content=\"774\" \/>\n\t<meta property=\"og:image:type\" content=\"image\/jpeg\" \/>\n<meta name=\"twitter:card\" content=\"summary_large_image\" \/>\n<meta name=\"twitter:label1\" content=\"Est. reading time\" \/>\n\t<meta name=\"twitter:data1\" content=\"2 minutes\" \/>\n<script type=\"application\/ld+json\" class=\"yoast-schema-graph\">{\"@context\":\"https:\\\/\\\/schema.org\",\"@graph\":[{\"@type\":\"WebPage\",\"@id\":\"https:\\\/\\\/promocionalesdelvalle.com\\\/producto\\\/libretas-corporativas-personalizadas\\\/\",\"url\":\"https:\\\/\\\/promocionalesdelvalle.com\\\/producto\\\/libretas-corporativas-personalizadas\\\/\",\"name\":\"LIBRETAS PUBLICITARIAS - promocionalesdelvalle\",\"isPartOf\":{\"@id\":\"https:\\\/\\\/promocionalesdelvalle.com\\\/#website\"},\"primaryImageOfPage\":{\"@id\":\"https:\\\/\\\/promocionalesdelvalle.com\\\/producto\\\/libretas-corporativas-personalizadas\\\/#primaryimage\"},\"image\":{\"@id\":\"https:\\\/\\\/promocionalesdelvalle.com\\\/producto\\\/libretas-corporativas-personalizadas\\\/#primaryimage\"},\"thumbnailUrl\":\"https:\\\/\\\/promocionalesdelvalle.com\\\/wp-content\\\/uploads\\\/2024\\\/12\\\/CUADERNOS-IMPRESOS-CALI-OFFSET.jpg\",\"datePublished\":\"2025-01-29T01:20:19+00:00\",\"dateModified\":\"2025-01-29T02:04:04+00:00\",\"description\":\"LIBRETAS CORPORATIVAS PERSONNALIZADAS EN CALI, LIBRETAS PARA PERSONALIZAR, LIBRETAS EJECUTIVAS PARA OFICINA, LIBRETAS ECONOMICAS PARA PERSONALIZAR, CALI\",\"breadcrumb\":{\"@id\":\"https:\\\/\\\/promocionalesdelvalle.com\\\/producto\\\/libretas-corporativas-personalizadas\\\/#breadcrumb\"},\"inLanguage\":\"en-US\",\"potentialAction\":[{\"@type\":\"ReadAction\",\"target\":[\"https:\\\/\\\/promocionalesdelvalle.com\\\/producto\\\/libretas-corporativas-personalizadas\\\/\"]}]},{\"@type\":\"ImageObject\",\"inLanguage\":\"en-US\",\"@id\":\"https:\\\/\\\/promocionalesdelvalle.com\\\/producto\\\/libretas-corporativas-personalizadas\\\/#primaryimage\",\"url\":\"https:\\\/\\\/promocionalesdelvalle.com\\\/wp-content\\\/uploads\\\/2024\\\/12\\\/CUADERNOS-IMPRESOS-CALI-OFFSET.jpg\",\"contentUrl\":\"https:\\\/\\\/promocionalesdelvalle.com\\\/wp-content\\\/uploads\\\/2024\\\/12\\\/CUADERNOS-IMPRESOS-CALI-OFFSET.jpg\",\"width\":679,\"height\":774},{\"@type\":\"BreadcrumbList\",\"@id\":\"https:\\\/\\\/promocionalesdelvalle.com\\\/producto\\\/libretas-corporativas-personalizadas\\\/#breadcrumb\",\"itemListElement\":[{\"@type\":\"ListItem\",\"position\":1,\"name\":\"Inicio\",\"item\":\"https:\\\/\\\/promocionalesdelvalle.com\\\/\"},{\"@type\":\"ListItem\",\"position\":2,\"name\":\"Productos\",\"item\":\"https:\\\/\\\/promocionalesdelvalle.com\\\/shop\\\/\"},{\"@type\":\"ListItem\",\"position\":3,\"name\":\"LIBRETAS PUBLICITARIAS\"}]},{\"@type\":\"WebSite\",\"@id\":\"https:\\\/\\\/promocionalesdelvalle.com\\\/#website\",\"url\":\"https:\\\/\\\/promocionalesdelvalle.com\\\/\",\"name\":\"promocionalesdelvalle\",\"description\":\"\",\"potentialAction\":[{\"@type\":\"SearchAction\",\"target\":{\"@type\":\"EntryPoint\",\"urlTemplate\":\"https:\\\/\\\/promocionalesdelvalle.com\\\/?s={search_term_string}\"},\"query-input\":{\"@type\":\"PropertyValueSpecification\",\"valueRequired\":true,\"valueName\":\"search_term_string\"}}],\"inLanguage\":\"en-US\"}]}<\/script>\n<!-- \/ Yoast SEO Premium plugin. -->","yoast_head_json":{"title":"LIBRETAS PUBLICITARIAS - promocionalesdelvalle","description":"LIBRETAS CORPORATIVAS PERSONNALIZADAS EN CALI, LIBRETAS PARA PERSONALIZAR, LIBRETAS EJECUTIVAS PARA OFICINA, LIBRETAS ECONOMICAS PARA PERSONALIZAR, CALI","robots":{"index":"index","follow":"follow","max-snippet":"max-snippet:-1","max-image-preview":"max-image-preview:large","max-video-preview":"max-video-preview:-1"},"canonical":"https:\/\/promocionalesdelvalle.com\/en\/product\/libretas-corporativas-personalizadas\/","og_locale":"en_US","og_type":"article","og_title":"LIBRETAS PUBLICITARIAS","og_description":"LIBRETAS CORPORATIVAS PERSONNALIZADAS EN CALI, LIBRETAS PARA PERSONALIZAR, LIBRETAS EJECUTIVAS PARA OFICINA, LIBRETAS ECONOMICAS PARA PERSONALIZAR, CALI","og_url":"https:\/\/promocionalesdelvalle.com\/en\/product\/libretas-corporativas-personalizadas\/","og_site_name":"promocionalesdelvalle","article_modified_time":"2025-01-29T02:04:04+00:00","og_image":[{"width":679,"height":774,"url":"https:\/\/promocionalesdelvalle.com\/wp-content\/uploads\/2024\/12\/CUADERNOS-IMPRESOS-CALI-OFFSET.jpg","type":"image\/jpeg"}],"twitter_card":"summary_large_image","twitter_misc":{"Est. reading time":"2 minutes"},"schema":{"@context":"https:\/\/schema.org","@graph":[{"@type":"WebPage","@id":"https:\/\/promocionalesdelvalle.com\/producto\/libretas-corporativas-personalizadas\/","url":"https:\/\/promocionalesdelvalle.com\/producto\/libretas-corporativas-personalizadas\/","name":"LIBRETAS PUBLICITARIAS - promocionalesdelvalle","isPartOf":{"@id":"https:\/\/promocionalesdelvalle.com\/#website"},"primaryImageOfPage":{"@id":"https:\/\/promocionalesdelvalle.com\/producto\/libretas-corporativas-personalizadas\/#primaryimage"},"image":{"@id":"https:\/\/promocionalesdelvalle.com\/producto\/libretas-corporativas-personalizadas\/#primaryimage"},"thumbnailUrl":"https:\/\/promocionalesdelvalle.com\/wp-content\/uploads\/2024\/12\/CUADERNOS-IMPRESOS-CALI-OFFSET.jpg","datePublished":"2025-01-29T01:20:19+00:00","dateModified":"2025-01-29T02:04:04+00:00","description":"LIBRETAS CORPORATIVAS PERSONNALIZADAS EN CALI, LIBRETAS PARA PERSONALIZAR, LIBRETAS EJECUTIVAS PARA OFICINA, LIBRETAS ECONOMICAS PARA PERSONALIZAR, CALI","breadcrumb":{"@id":"https:\/\/promocionalesdelvalle.com\/producto\/libretas-corporativas-personalizadas\/#breadcrumb"},"inLanguage":"en-US","potentialAction":[{"@type":"ReadAction","target":["https:\/\/promocionalesdelvalle.com\/producto\/libretas-corporativas-personalizadas\/"]}]},{"@type":"ImageObject","inLanguage":"en-US","@id":"https:\/\/promocionalesdelvalle.com\/producto\/libretas-corporativas-personalizadas\/#primaryimage","url":"https:\/\/promocionalesdelvalle.com\/wp-content\/uploads\/2024\/12\/CUADERNOS-IMPRESOS-CALI-OFFSET.jpg","contentUrl":"https:\/\/promocionalesdelvalle.com\/wp-content\/uploads\/2024\/12\/CUADERNOS-IMPRESOS-CALI-OFFSET.jpg","width":679,"height":774},{"@type":"BreadcrumbList","@id":"https:\/\/promocionalesdelvalle.com\/producto\/libretas-corporativas-personalizadas\/#breadcrumb","itemListElement":[{"@type":"ListItem","position":1,"name":"Inicio","item":"https:\/\/promocionalesdelvalle.com\/"},{"@type":"ListItem","position":2,"name":"Productos","item":"https:\/\/promocionalesdelvalle.com\/shop\/"},{"@type":"ListItem","position":3,"name":"LIBRETAS PUBLICITARIAS"}]},{"@type":"WebSite","@id":"https:\/\/promocionalesdelvalle.com\/#website","url":"https:\/\/promocionalesdelvalle.com\/","name":"promocionalesdelvalle","description":"","potentialAction":[{"@type":"SearchAction","target":{"@type":"EntryPoint","urlTemplate":"https:\/\/promocionalesdelvalle.com\/?s={search_term_string}"},"query-input":{"@type":"PropertyValueSpecification","valueRequired":true,"valueName":"search_term_string"}}],"inLanguage":"en-US"}]}},"_links":{"self":[{"href":"https:\/\/promocionalesdelvalle.com\/en\/wp-json\/wp\/v2\/product\/737","targetHints":{"allow":["GET"]}}],"collection":[{"href":"https:\/\/promocionalesdelvalle.com\/en\/wp-json\/wp\/v2\/product"}],"about":[{"href":"https:\/\/promocionalesdelvalle.com\/en\/wp-json\/wp\/v2\/types\/product"}],"replies":[{"embeddable":true,"href":"https:\/\/promocionalesdelvalle.com\/en\/wp-json\/wp\/v2\/comments?post=737"}],"wp:featuredmedia":[{"embeddable":true,"href":"https:\/\/promocionalesdelvalle.com\/en\/wp-json\/wp\/v2\/media\/559"}],"wp:attachment":[{"href":"https:\/\/promocionalesdelvalle.com\/en\/wp-json\/wp\/v2\/media?parent=737"}],"wp:term":[{"taxonomy":"product_brand","embeddable":true,"href":"https:\/\/promocionalesdelvalle.com\/en\/wp-json\/wp\/v2\/product_brand?post=737"},{"taxonomy":"product_cat","embeddable":true,"href":"https:\/\/promocionalesdelvalle.com\/en\/wp-json\/wp\/v2\/product_cat?post=737"},{"taxonomy":"product_tag","embeddable":true,"href":"https:\/\/promocionalesdelvalle.com\/en\/wp-json\/wp\/v2\/product_tag?post=737"}],"curies":[{"name":"wp","href":"https:\/\/api.w.org\/{rel}","templated":true}]}}