{"id":724,"date":"2025-01-29T00:24:37","date_gmt":"2025-01-29T00:24:37","guid":{"rendered":"https:\/\/promocionalesdelvalle.com\/?post_type=product&#038;p=724"},"modified":"2025-01-31T04:07:11","modified_gmt":"2025-01-31T04:07:11","slug":"agenda-publicitaria-personalizada-cali","status":"publish","type":"product","link":"https:\/\/promocionalesdelvalle.com\/en\/product\/agenda-publicitaria-personalizada-cali\/","title":{"rendered":"AGENDAS PUBLICITARIAS PERSONALIZADAS"},"content":{"rendered":"<ul>\n<li><strong>Material:<\/strong><br \/>\nCart\u00f3n r\u00edgido (cart\u00f3n gris o cart\u00f3n prensado) recubierto con materiales premium como:<\/p>\n<ul>\n<li>Papel couch\u00e9 laminado.<\/li>\n<li>Imitaci\u00f3n cuero (vinilo, PU).<\/li>\n<li>Lona o materiales textiles personalizables.<\/li>\n<\/ul>\n<\/li>\n<li><strong>Gramaje:<\/strong><br \/>\n2 mm &#8211; 3 mm de grosor en la base de cart\u00f3n, con recubrimientos de 250 g\/m\u00b2 &#8211; 300 g\/m\u00b2.<\/li>\n<li><strong>Acabados:<\/strong>\n<ul>\n<li>Laminado mate, brillante o suave al tacto para una mayor protecci\u00f3n y apariencia elegante.<\/li>\n<li>Grabado en relieve seco o termoimpresi\u00f3n (foil) con colores met\u00e1licos, como oro, plata o bronce, para logotipos y detalles importantes.<\/li>\n<li>Costura perimetral decorativa en el caso de cubiertas de cuero o textiles.<\/li>\n<\/ul>\n<\/li>\n<\/ul>\n<hr \/>\n<h4><strong>3. Interior de la agenda:<\/strong><\/h4>\n<ul>\n<li><strong>Papel:<\/strong>\n<ul>\n<li>Bond blanco o ahuesado, reciclado o papeles de alta gama como offset extra blanco.<\/li>\n<li>Opciones texturizadas para un toque c\u00f3modo.<\/li>\n<\/ul>\n<\/li>\n<li><strong>Gramaje:<\/strong><br \/>\n90 g\/m\u00b2 &#8211; 120 g\/m\u00b2, dependiendo del nivel de opacidad y suavidad<\/li>\n<\/ul>","protected":false},"excerpt":{"rendered":"<p>AGENDAS PERSONALIZADAS EMPRESARIALES<\/p>","protected":false},"featured_media":722,"comment_status":"closed","ping_status":"closed","template":"","meta":[],"product_brand":[],"product_cat":[20],"product_tag":[24],"class_list":{"0":"post-724","1":"product","2":"type-product","3":"status-publish","4":"has-post-thumbnail","6":"product_cat-cuadernos-personalizados","7":"product_tag-agendas-publicitarias-personalizadas","9":"first","10":"instock","11":"shipping-taxable","12":"product-type-simple"},"yoast_head":"<!-- This site is optimized with the Yoast SEO Premium plugin v26.1 (Yoast SEO v27.3) - https:\/\/yoast.com\/product\/yoast-seo-premium-wordpress\/ -->\n<title>AGENDAS PUBLICITARIAS PERSONALIZADAS - promocionalesdelvalle<\/title>\n<meta name=\"description\" content=\"Agendas personalizadas en Cali, agendas publicitarias en cali, litografias en Cali, agendas empresariales en Cali, impresion offset Cali, litografia en Cali\" \/>\n<meta name=\"robots\" content=\"index, follow, max-snippet:-1, max-image-preview:large, max-video-preview:-1\" \/>\n<link rel=\"canonical\" href=\"https:\/\/promocionalesdelvalle.com\/en\/product\/agenda-publicitaria-personalizada-cali\/\" \/>\n<meta property=\"og:locale\" content=\"en_US\" \/>\n<meta property=\"og:type\" content=\"article\" \/>\n<meta property=\"og:title\" content=\"AGENDAS PUBLICITARIAS PERSONALIZADAS\" \/>\n<meta property=\"og:description\" content=\"Agendas personalizadas en Cali, agendas publicitarias en cali, litografias en Cali, agendas empresariales en Cali, impresion offset Cali, litografia en Cali\" \/>\n<meta property=\"og:url\" content=\"https:\/\/promocionalesdelvalle.com\/en\/product\/agenda-publicitaria-personalizada-cali\/\" \/>\n<meta property=\"og:site_name\" content=\"promocionalesdelvalle\" \/>\n<meta property=\"article:modified_time\" content=\"2025-01-31T04:07:11+00:00\" \/>\n<meta property=\"og:image\" content=\"https:\/\/promocionalesdelvalle.com\/wp-content\/uploads\/2025\/01\/AGENDA-CORPORATIVA-CALI-PUBLICITARIA.jpg\" \/>\n\t<meta property=\"og:image:width\" content=\"595\" \/>\n\t<meta property=\"og:image:height\" content=\"719\" \/>\n\t<meta property=\"og:image:type\" content=\"image\/jpeg\" \/>\n<meta name=\"twitter:card\" content=\"summary_large_image\" \/>\n<meta name=\"twitter:label1\" content=\"Est. reading time\" \/>\n\t<meta name=\"twitter:data1\" content=\"1 minute\" \/>\n<script type=\"application\/ld+json\" class=\"yoast-schema-graph\">{\"@context\":\"https:\\\/\\\/schema.org\",\"@graph\":[{\"@type\":\"WebPage\",\"@id\":\"https:\\\/\\\/promocionalesdelvalle.com\\\/producto\\\/agenda-publicitaria-personalizada-cali\\\/\",\"url\":\"https:\\\/\\\/promocionalesdelvalle.com\\\/producto\\\/agenda-publicitaria-personalizada-cali\\\/\",\"name\":\"AGENDAS PUBLICITARIAS PERSONALIZADAS - promocionalesdelvalle\",\"isPartOf\":{\"@id\":\"https:\\\/\\\/promocionalesdelvalle.com\\\/#website\"},\"primaryImageOfPage\":{\"@id\":\"https:\\\/\\\/promocionalesdelvalle.com\\\/producto\\\/agenda-publicitaria-personalizada-cali\\\/#primaryimage\"},\"image\":{\"@id\":\"https:\\\/\\\/promocionalesdelvalle.com\\\/producto\\\/agenda-publicitaria-personalizada-cali\\\/#primaryimage\"},\"thumbnailUrl\":\"https:\\\/\\\/promocionalesdelvalle.com\\\/wp-content\\\/uploads\\\/2025\\\/01\\\/AGENDA-CORPORATIVA-CALI-PUBLICITARIA.jpg\",\"datePublished\":\"2025-01-29T00:24:37+00:00\",\"dateModified\":\"2025-01-31T04:07:11+00:00\",\"description\":\"Agendas personalizadas en Cali, agendas publicitarias en cali, litografias en Cali, agendas empresariales en Cali, impresion offset Cali, litografia en Cali\",\"breadcrumb\":{\"@id\":\"https:\\\/\\\/promocionalesdelvalle.com\\\/producto\\\/agenda-publicitaria-personalizada-cali\\\/#breadcrumb\"},\"inLanguage\":\"en-US\",\"potentialAction\":[{\"@type\":\"ReadAction\",\"target\":[\"https:\\\/\\\/promocionalesdelvalle.com\\\/producto\\\/agenda-publicitaria-personalizada-cali\\\/\"]}]},{\"@type\":\"ImageObject\",\"inLanguage\":\"en-US\",\"@id\":\"https:\\\/\\\/promocionalesdelvalle.com\\\/producto\\\/agenda-publicitaria-personalizada-cali\\\/#primaryimage\",\"url\":\"https:\\\/\\\/promocionalesdelvalle.com\\\/wp-content\\\/uploads\\\/2025\\\/01\\\/AGENDA-CORPORATIVA-CALI-PUBLICITARIA.jpg\",\"contentUrl\":\"https:\\\/\\\/promocionalesdelvalle.com\\\/wp-content\\\/uploads\\\/2025\\\/01\\\/AGENDA-CORPORATIVA-CALI-PUBLICITARIA.jpg\",\"width\":595,\"height\":719},{\"@type\":\"BreadcrumbList\",\"@id\":\"https:\\\/\\\/promocionalesdelvalle.com\\\/producto\\\/agenda-publicitaria-personalizada-cali\\\/#breadcrumb\",\"itemListElement\":[{\"@type\":\"ListItem\",\"position\":1,\"name\":\"Inicio\",\"item\":\"https:\\\/\\\/promocionalesdelvalle.com\\\/\"},{\"@type\":\"ListItem\",\"position\":2,\"name\":\"Productos\",\"item\":\"https:\\\/\\\/promocionalesdelvalle.com\\\/shop\\\/\"},{\"@type\":\"ListItem\",\"position\":3,\"name\":\"AGENDAS PUBLICITARIAS PERSONALIZADAS\"}]},{\"@type\":\"WebSite\",\"@id\":\"https:\\\/\\\/promocionalesdelvalle.com\\\/#website\",\"url\":\"https:\\\/\\\/promocionalesdelvalle.com\\\/\",\"name\":\"promocionalesdelvalle\",\"description\":\"\",\"potentialAction\":[{\"@type\":\"SearchAction\",\"target\":{\"@type\":\"EntryPoint\",\"urlTemplate\":\"https:\\\/\\\/promocionalesdelvalle.com\\\/?s={search_term_string}\"},\"query-input\":{\"@type\":\"PropertyValueSpecification\",\"valueRequired\":true,\"valueName\":\"search_term_string\"}}],\"inLanguage\":\"en-US\"}]}<\/script>\n<!-- \/ Yoast SEO Premium plugin. -->","yoast_head_json":{"title":"AGENDAS PUBLICITARIAS PERSONALIZADAS - promocionalesdelvalle","description":"Agendas personalizadas en Cali, agendas publicitarias en cali, litografias en Cali, agendas empresariales en Cali, impresion offset Cali, litografia en Cali","robots":{"index":"index","follow":"follow","max-snippet":"max-snippet:-1","max-image-preview":"max-image-preview:large","max-video-preview":"max-video-preview:-1"},"canonical":"https:\/\/promocionalesdelvalle.com\/en\/product\/agenda-publicitaria-personalizada-cali\/","og_locale":"en_US","og_type":"article","og_title":"AGENDAS PUBLICITARIAS PERSONALIZADAS","og_description":"Agendas personalizadas en Cali, agendas publicitarias en cali, litografias en Cali, agendas empresariales en Cali, impresion offset Cali, litografia en Cali","og_url":"https:\/\/promocionalesdelvalle.com\/en\/product\/agenda-publicitaria-personalizada-cali\/","og_site_name":"promocionalesdelvalle","article_modified_time":"2025-01-31T04:07:11+00:00","og_image":[{"width":595,"height":719,"url":"https:\/\/promocionalesdelvalle.com\/wp-content\/uploads\/2025\/01\/AGENDA-CORPORATIVA-CALI-PUBLICITARIA.jpg","type":"image\/jpeg"}],"twitter_card":"summary_large_image","twitter_misc":{"Est. reading time":"1 minute"},"schema":{"@context":"https:\/\/schema.org","@graph":[{"@type":"WebPage","@id":"https:\/\/promocionalesdelvalle.com\/producto\/agenda-publicitaria-personalizada-cali\/","url":"https:\/\/promocionalesdelvalle.com\/producto\/agenda-publicitaria-personalizada-cali\/","name":"AGENDAS PUBLICITARIAS PERSONALIZADAS - promocionalesdelvalle","isPartOf":{"@id":"https:\/\/promocionalesdelvalle.com\/#website"},"primaryImageOfPage":{"@id":"https:\/\/promocionalesdelvalle.com\/producto\/agenda-publicitaria-personalizada-cali\/#primaryimage"},"image":{"@id":"https:\/\/promocionalesdelvalle.com\/producto\/agenda-publicitaria-personalizada-cali\/#primaryimage"},"thumbnailUrl":"https:\/\/promocionalesdelvalle.com\/wp-content\/uploads\/2025\/01\/AGENDA-CORPORATIVA-CALI-PUBLICITARIA.jpg","datePublished":"2025-01-29T00:24:37+00:00","dateModified":"2025-01-31T04:07:11+00:00","description":"Agendas personalizadas en Cali, agendas publicitarias en cali, litografias en Cali, agendas empresariales en Cali, impresion offset Cali, litografia en Cali","breadcrumb":{"@id":"https:\/\/promocionalesdelvalle.com\/producto\/agenda-publicitaria-personalizada-cali\/#breadcrumb"},"inLanguage":"en-US","potentialAction":[{"@type":"ReadAction","target":["https:\/\/promocionalesdelvalle.com\/producto\/agenda-publicitaria-personalizada-cali\/"]}]},{"@type":"ImageObject","inLanguage":"en-US","@id":"https:\/\/promocionalesdelvalle.com\/producto\/agenda-publicitaria-personalizada-cali\/#primaryimage","url":"https:\/\/promocionalesdelvalle.com\/wp-content\/uploads\/2025\/01\/AGENDA-CORPORATIVA-CALI-PUBLICITARIA.jpg","contentUrl":"https:\/\/promocionalesdelvalle.com\/wp-content\/uploads\/2025\/01\/AGENDA-CORPORATIVA-CALI-PUBLICITARIA.jpg","width":595,"height":719},{"@type":"BreadcrumbList","@id":"https:\/\/promocionalesdelvalle.com\/producto\/agenda-publicitaria-personalizada-cali\/#breadcrumb","itemListElement":[{"@type":"ListItem","position":1,"name":"Inicio","item":"https:\/\/promocionalesdelvalle.com\/"},{"@type":"ListItem","position":2,"name":"Productos","item":"https:\/\/promocionalesdelvalle.com\/shop\/"},{"@type":"ListItem","position":3,"name":"AGENDAS PUBLICITARIAS PERSONALIZADAS"}]},{"@type":"WebSite","@id":"https:\/\/promocionalesdelvalle.com\/#website","url":"https:\/\/promocionalesdelvalle.com\/","name":"promocionalesdelvalle","description":"","potentialAction":[{"@type":"SearchAction","target":{"@type":"EntryPoint","urlTemplate":"https:\/\/promocionalesdelvalle.com\/?s={search_term_string}"},"query-input":{"@type":"PropertyValueSpecification","valueRequired":true,"valueName":"search_term_string"}}],"inLanguage":"en-US"}]}},"_links":{"self":[{"href":"https:\/\/promocionalesdelvalle.com\/en\/wp-json\/wp\/v2\/product\/724","targetHints":{"allow":["GET"]}}],"collection":[{"href":"https:\/\/promocionalesdelvalle.com\/en\/wp-json\/wp\/v2\/product"}],"about":[{"href":"https:\/\/promocionalesdelvalle.com\/en\/wp-json\/wp\/v2\/types\/product"}],"replies":[{"embeddable":true,"href":"https:\/\/promocionalesdelvalle.com\/en\/wp-json\/wp\/v2\/comments?post=724"}],"wp:featuredmedia":[{"embeddable":true,"href":"https:\/\/promocionalesdelvalle.com\/en\/wp-json\/wp\/v2\/media\/722"}],"wp:attachment":[{"href":"https:\/\/promocionalesdelvalle.com\/en\/wp-json\/wp\/v2\/media?parent=724"}],"wp:term":[{"taxonomy":"product_brand","embeddable":true,"href":"https:\/\/promocionalesdelvalle.com\/en\/wp-json\/wp\/v2\/product_brand?post=724"},{"taxonomy":"product_cat","embeddable":true,"href":"https:\/\/promocionalesdelvalle.com\/en\/wp-json\/wp\/v2\/product_cat?post=724"},{"taxonomy":"product_tag","embeddable":true,"href":"https:\/\/promocionalesdelvalle.com\/en\/wp-json\/wp\/v2\/product_tag?post=724"}],"curies":[{"name":"wp","href":"https:\/\/api.w.org\/{rel}","templated":true}]}}